{"id":576,"date":"2025-12-09T17:01:06","date_gmt":"2025-12-09T17:01:06","guid":{"rendered":"https:\/\/lesna.al\/?post_type=product&#038;p=576"},"modified":"2025-12-09T22:13:28","modified_gmt":"2025-12-09T22:13:28","slug":"sol-alu-78-mm","status":"publish","type":"product","link":"https:\/\/lesna.al\/al\/produkt\/sol-alu-78-mm\/","title":{"rendered":"SOL-ALU 78 mm"},"content":{"rendered":"","protected":false},"excerpt":{"rendered":"<p>Lesna Albania ju ofron Profili Druri-Lamellar me mbules\u00eb Alumini, t\u00eb prodhuar nga druri lamelar i p\u00ebrb\u00ebr\u00eb nga tre lamela p\u00ebr stabilitet linear dhe profil druri 78 mm i mbuluar me alumini 16 mm. Sistemi ka linja t\u00eb buta, dizajn opsional dhe \u00ebsht\u00eb i leht\u00eb p\u00ebr mir\u00ebmbajtje. Pajisur me mekaniz\u00ebm me dy hapje, xhami 4<em>16<\/em>4 Low-E me mbushje argon (tre xhama) dhe dy mbrojtje alumini p\u00ebr shi. Ngjyra variable me baz\u00eb uji.<\/p>\n","protected":false},"featured_media":717,"comment_status":"closed","ping_status":"closed","template":"","meta":[],"product_brand":[],"product_cat":[21],"product_tag":[],"class_list":{"0":"post-576","1":"product","2":"type-product","3":"status-publish","4":"has-post-thumbnail","6":"product_cat-lesna-albania","8":"first","9":"instock","10":"shipping-taxable","11":"product-type-simple"},"_links":{"self":[{"href":"https:\/\/lesna.al\/al\/wp-json\/wp\/v2\/product\/576","targetHints":{"allow":["GET"]}}],"collection":[{"href":"https:\/\/lesna.al\/al\/wp-json\/wp\/v2\/product"}],"about":[{"href":"https:\/\/lesna.al\/al\/wp-json\/wp\/v2\/types\/product"}],"replies":[{"embeddable":true,"href":"https:\/\/lesna.al\/al\/wp-json\/wp\/v2\/comments?post=576"}],"version-history":[{"count":0,"href":"https:\/\/lesna.al\/al\/wp-json\/wp\/v2\/product\/576\/revisions"}],"wp:featuredmedia":[{"embeddable":true,"href":"https:\/\/lesna.al\/al\/wp-json\/wp\/v2\/media\/717"}],"wp:attachment":[{"href":"https:\/\/lesna.al\/al\/wp-json\/wp\/v2\/media?parent=576"}],"wp:term":[{"taxonomy":"product_brand","embeddable":true,"href":"https:\/\/lesna.al\/al\/wp-json\/wp\/v2\/product_brand?post=576"},{"taxonomy":"product_cat","embeddable":true,"href":"https:\/\/lesna.al\/al\/wp-json\/wp\/v2\/product_cat?post=576"},{"taxonomy":"product_tag","embeddable":true,"href":"https:\/\/lesna.al\/al\/wp-json\/wp\/v2\/product_tag?post=576"}],"curies":[{"name":"wp","href":"https:\/\/api.w.org\/{rel}","templated":true}]}}