{"id":611,"date":"2025-12-09T17:01:11","date_gmt":"2025-12-09T17:01:11","guid":{"rendered":"https:\/\/lesna.al\/?post_type=product&#038;p=611"},"modified":"2025-12-09T22:04:44","modified_gmt":"2025-12-09T22:04:44","slug":"mirant-68-mm","status":"publish","type":"product","link":"https:\/\/lesna.al\/al\/produkt\/mirant-68-mm\/","title":{"rendered":"MIRANT 68 mm"},"content":{"rendered":"","protected":false},"excerpt":{"rendered":"<ul>\n<li>Materiali: Dru Afrikan lamelar i p\u00ebrber\u00eb nga tri lamela t\u00eb ngjitura me fibren n\u00eb drejtime t\u00eb kund\u00ebrta q\u00eb siguron q\u00ebndrueshm\u00ebrin\u00eb lineare<\/li>\n<li>Profili i drurit 68 mm<\/li>\n<li>Sistem me vija t\u00eb buta<\/li>\n<li>Dizenjo Opsionale<\/li>\n<li>I leht\u00eb p\u00ebr mirmbajtje<\/li>\n<li>Mekanizmi me dy hapje<\/li>\n<li>Xhami \u00ebsht\u00eb i kualitetit t\u00eb lart\u00eb 4*16*4 Low E me mbrojtje argon(me dy xhama)<\/li>\n<li>Dy pikore alumini p\u00ebr mbrojtje m\u00eb t\u00eb mir\u00eb nga shirat<\/li>\n<li>Ngjyra variable me baz\u00eb uji<\/li>\n<\/ul>\n","protected":false},"featured_media":723,"comment_status":"closed","ping_status":"closed","template":"","meta":[],"product_brand":[],"product_cat":[21],"product_tag":[],"class_list":{"0":"post-611","1":"product","2":"type-product","3":"status-publish","4":"has-post-thumbnail","6":"product_cat-lesna-albania","8":"first","9":"instock","10":"shipping-taxable","11":"product-type-simple"},"_links":{"self":[{"href":"https:\/\/lesna.al\/al\/wp-json\/wp\/v2\/product\/611","targetHints":{"allow":["GET"]}}],"collection":[{"href":"https:\/\/lesna.al\/al\/wp-json\/wp\/v2\/product"}],"about":[{"href":"https:\/\/lesna.al\/al\/wp-json\/wp\/v2\/types\/product"}],"replies":[{"embeddable":true,"href":"https:\/\/lesna.al\/al\/wp-json\/wp\/v2\/comments?post=611"}],"version-history":[{"count":0,"href":"https:\/\/lesna.al\/al\/wp-json\/wp\/v2\/product\/611\/revisions"}],"wp:featuredmedia":[{"embeddable":true,"href":"https:\/\/lesna.al\/al\/wp-json\/wp\/v2\/media\/723"}],"wp:attachment":[{"href":"https:\/\/lesna.al\/al\/wp-json\/wp\/v2\/media?parent=611"}],"wp:term":[{"taxonomy":"product_brand","embeddable":true,"href":"https:\/\/lesna.al\/al\/wp-json\/wp\/v2\/product_brand?post=611"},{"taxonomy":"product_cat","embeddable":true,"href":"https:\/\/lesna.al\/al\/wp-json\/wp\/v2\/product_cat?post=611"},{"taxonomy":"product_tag","embeddable":true,"href":"https:\/\/lesna.al\/al\/wp-json\/wp\/v2\/product_tag?post=611"}],"curies":[{"name":"wp","href":"https:\/\/api.w.org\/{rel}","templated":true}]}}