{"id":618,"date":"2025-12-09T17:01:11","date_gmt":"2025-12-09T17:01:11","guid":{"rendered":"https:\/\/lesna.al\/?post_type=product&#038;p=618"},"modified":"2025-12-09T21:56:37","modified_gmt":"2025-12-09T21:56:37","slug":"dritare-catie","status":"publish","type":"product","link":"https:\/\/lesna.al\/al\/produkt\/dritare-catie\/","title":{"rendered":"Dritare \u00c7atie"},"content":{"rendered":"","protected":false},"excerpt":{"rendered":"<ul>\n<li>Mekanizmi Pivot<\/li>\n<li>Xhami Termik<\/li>\n<li>Mbushje me argon<\/li>\n<li>Ngjyra standard<\/li>\n<li>Uw=1,3 W\/m2\/Kk<\/li>\n<li>Ug=1,0 W\/m2\/K<\/li>\n<li>Lp=29 dB<\/li>\n<\/ul>\n<p>P\u00ebrmasa standarte me p\u00ebrdorim m\u00eb t\u00eb gj\u00ebre:<\/p>\n<ul>\n<li>55x78cm<\/li>\n<li>55x98cm<\/li>\n<li>66x118cm<\/li>\n<li>78x118cm<\/li>\n<li>78x140cm<\/li>\n<\/ul>\n","protected":false},"featured_media":724,"comment_status":"closed","ping_status":"closed","template":"","meta":[],"product_brand":[],"product_cat":[21],"product_tag":[],"class_list":{"0":"post-618","1":"product","2":"type-product","3":"status-publish","4":"has-post-thumbnail","6":"product_cat-lesna-albania","8":"first","9":"instock","10":"shipping-taxable","11":"product-type-simple"},"_links":{"self":[{"href":"https:\/\/lesna.al\/al\/wp-json\/wp\/v2\/product\/618","targetHints":{"allow":["GET"]}}],"collection":[{"href":"https:\/\/lesna.al\/al\/wp-json\/wp\/v2\/product"}],"about":[{"href":"https:\/\/lesna.al\/al\/wp-json\/wp\/v2\/types\/product"}],"replies":[{"embeddable":true,"href":"https:\/\/lesna.al\/al\/wp-json\/wp\/v2\/comments?post=618"}],"version-history":[{"count":0,"href":"https:\/\/lesna.al\/al\/wp-json\/wp\/v2\/product\/618\/revisions"}],"wp:featuredmedia":[{"embeddable":true,"href":"https:\/\/lesna.al\/al\/wp-json\/wp\/v2\/media\/724"}],"wp:attachment":[{"href":"https:\/\/lesna.al\/al\/wp-json\/wp\/v2\/media?parent=618"}],"wp:term":[{"taxonomy":"product_brand","embeddable":true,"href":"https:\/\/lesna.al\/al\/wp-json\/wp\/v2\/product_brand?post=618"},{"taxonomy":"product_cat","embeddable":true,"href":"https:\/\/lesna.al\/al\/wp-json\/wp\/v2\/product_cat?post=618"},{"taxonomy":"product_tag","embeddable":true,"href":"https:\/\/lesna.al\/al\/wp-json\/wp\/v2\/product_tag?post=618"}],"curies":[{"name":"wp","href":"https:\/\/api.w.org\/{rel}","templated":true}]}}