{"id":619,"date":"2025-12-09T17:01:12","date_gmt":"2025-12-09T17:01:12","guid":{"rendered":"https:\/\/lesna.al\/?post_type=product&#038;p=619"},"modified":"2025-12-11T17:26:07","modified_gmt":"2025-12-11T17:26:07","slug":"dere-e-jashtme-druri","status":"publish","type":"product","link":"https:\/\/lesna.al\/al\/produkt\/dere-e-jashtme-druri\/","title":{"rendered":"Der\u00eb e Jashtme Druri"},"content":{"rendered":"","protected":false},"excerpt":{"rendered":"<p>Lesna Albania ju ofron Dyer t\u00eb Jashtme Druri, t\u00eb prodhuara nga dru masiv lamelar dhe e pajisur me mekaniz\u00ebm mbylljeje perimetrale me brav\u00eb sigurie. Dizajn opsional, xhami i kualitetit t\u00eb lart\u00eb 4164 Low-E me mbushje argon dhe ngjyra variable me baz\u00eb uji. Der\u00eb e leht\u00eb p\u00ebr mir\u00ebmbajtje dhe e p\u00ebrshtatshme p\u00ebr \u00e7do ambient.<\/p>\n","protected":false},"featured_media":696,"comment_status":"closed","ping_status":"closed","template":"","meta":[],"product_brand":[],"product_cat":[21],"product_tag":[],"class_list":{"0":"post-619","1":"product","2":"type-product","3":"status-publish","4":"has-post-thumbnail","6":"product_cat-lesna-albania","8":"first","9":"instock","10":"shipping-taxable","11":"product-type-simple"},"_links":{"self":[{"href":"https:\/\/lesna.al\/al\/wp-json\/wp\/v2\/product\/619","targetHints":{"allow":["GET"]}}],"collection":[{"href":"https:\/\/lesna.al\/al\/wp-json\/wp\/v2\/product"}],"about":[{"href":"https:\/\/lesna.al\/al\/wp-json\/wp\/v2\/types\/product"}],"replies":[{"embeddable":true,"href":"https:\/\/lesna.al\/al\/wp-json\/wp\/v2\/comments?post=619"}],"version-history":[{"count":0,"href":"https:\/\/lesna.al\/al\/wp-json\/wp\/v2\/product\/619\/revisions"}],"wp:featuredmedia":[{"embeddable":true,"href":"https:\/\/lesna.al\/al\/wp-json\/wp\/v2\/media\/696"}],"wp:attachment":[{"href":"https:\/\/lesna.al\/al\/wp-json\/wp\/v2\/media?parent=619"}],"wp:term":[{"taxonomy":"product_brand","embeddable":true,"href":"https:\/\/lesna.al\/al\/wp-json\/wp\/v2\/product_brand?post=619"},{"taxonomy":"product_cat","embeddable":true,"href":"https:\/\/lesna.al\/al\/wp-json\/wp\/v2\/product_cat?post=619"},{"taxonomy":"product_tag","embeddable":true,"href":"https:\/\/lesna.al\/al\/wp-json\/wp\/v2\/product_tag?post=619"}],"curies":[{"name":"wp","href":"https:\/\/api.w.org\/{rel}","templated":true}]}}