{"id":620,"date":"2025-12-09T17:01:12","date_gmt":"2025-12-09T17:01:12","guid":{"rendered":"https:\/\/lesna.al\/?post_type=product&#038;p=620"},"modified":"2025-12-09T22:09:59","modified_gmt":"2025-12-09T22:09:59","slug":"dere-e-jashtme-pvc","status":"publish","type":"product","link":"https:\/\/lesna.al\/al\/produkt\/dere-e-jashtme-pvc\/","title":{"rendered":"Der\u00eb e Jashtme PVC"},"content":{"rendered":"","protected":false},"excerpt":{"rendered":"<p>Lesna Albania ju ofron Der t\u00eb Jashtme PVC, t\u00eb prodhuar me materiale cil\u00ebsore dhe t\u00eb q\u00ebndrueshme. Pajisur me mekaniz\u00ebm mbylljeje sigurie dhe xhami termoizolues, ofron izolim t\u00eb mir\u00eb dhe mir\u00ebmbajtje t\u00eb leht\u00eb.<\/p>\n<ul>\n<li>Dizenjo Opsionale<\/li>\n<li>I leht\u00eb p\u00ebr mir\u00ebmbajtje<\/li>\n<li>Mekanizmi me mbyllje perimetrale me brav\u00eb sigurie<\/li>\n<li>Xhami \u00ebsht\u00eb i kualitetit t\u00eb lart\u00eb 4*16*4 Low E me mbushje argon(dopjo xham)<\/li>\n<li>Ngjyra variable<\/li>\n<\/ul>\n","protected":false},"featured_media":697,"comment_status":"closed","ping_status":"closed","template":"","meta":[],"product_brand":[],"product_cat":[21],"product_tag":[],"class_list":{"0":"post-620","1":"product","2":"type-product","3":"status-publish","4":"has-post-thumbnail","6":"product_cat-lesna-albania","8":"first","9":"instock","10":"shipping-taxable","11":"product-type-simple"},"_links":{"self":[{"href":"https:\/\/lesna.al\/al\/wp-json\/wp\/v2\/product\/620","targetHints":{"allow":["GET"]}}],"collection":[{"href":"https:\/\/lesna.al\/al\/wp-json\/wp\/v2\/product"}],"about":[{"href":"https:\/\/lesna.al\/al\/wp-json\/wp\/v2\/types\/product"}],"replies":[{"embeddable":true,"href":"https:\/\/lesna.al\/al\/wp-json\/wp\/v2\/comments?post=620"}],"version-history":[{"count":0,"href":"https:\/\/lesna.al\/al\/wp-json\/wp\/v2\/product\/620\/revisions"}],"wp:featuredmedia":[{"embeddable":true,"href":"https:\/\/lesna.al\/al\/wp-json\/wp\/v2\/media\/697"}],"wp:attachment":[{"href":"https:\/\/lesna.al\/al\/wp-json\/wp\/v2\/media?parent=620"}],"wp:term":[{"taxonomy":"product_brand","embeddable":true,"href":"https:\/\/lesna.al\/al\/wp-json\/wp\/v2\/product_brand?post=620"},{"taxonomy":"product_cat","embeddable":true,"href":"https:\/\/lesna.al\/al\/wp-json\/wp\/v2\/product_cat?post=620"},{"taxonomy":"product_tag","embeddable":true,"href":"https:\/\/lesna.al\/al\/wp-json\/wp\/v2\/product_tag?post=620"}],"curies":[{"name":"wp","href":"https:\/\/api.w.org\/{rel}","templated":true}]}}