{"id":621,"date":"2025-12-09T17:01:12","date_gmt":"2025-12-09T17:01:12","guid":{"rendered":"https:\/\/lesna.al\/?post_type=product&#038;p=621"},"modified":"2025-12-09T22:09:41","modified_gmt":"2025-12-09T22:09:41","slug":"dere-e-jashtme-alumin","status":"publish","type":"product","link":"https:\/\/lesna.al\/al\/produkt\/dere-e-jashtme-alumin\/","title":{"rendered":"Der\u00eb e Jashtme Alumini"},"content":{"rendered":"","protected":false},"excerpt":{"rendered":"<p>Lesna Albania ju ofron Dyer t\u00eb Jashtme Alumini, t\u00eb prodhuar me materiale cil\u00ebsore dhe t\u00eb q\u00ebndrueshme. Dizajn modern dhe i fort\u00eb, me mekaniz\u00ebm sigurie dhe izolim termik t\u00eb mir\u00eb p\u00ebr \u00e7do ambient.<\/p>\n<ul>\n<li>Materiali: Alumin Termik<\/li>\n<li>Disenjo Opsionale<\/li>\n<li>I leht\u00eb p\u00ebr mir\u00ebmbajtje<\/li>\n<li>Mekanizmi me mbyllje perimetrale me brav\u00eb sigurie<\/li>\n<li>Xhami \u00ebsht\u00eb i kualitetit t\u00eb lart\u00eb 4*16*4 Low E me mbushje argon (dopjo xham)<\/li>\n<li>Ngjyra variable me baz\u00eb uji<\/li>\n<\/ul>\n","protected":false},"featured_media":698,"comment_status":"closed","ping_status":"closed","template":"","meta":[],"product_brand":[],"product_cat":[21],"product_tag":[],"class_list":{"0":"post-621","1":"product","2":"type-product","3":"status-publish","4":"has-post-thumbnail","6":"product_cat-lesna-albania","8":"first","9":"instock","10":"shipping-taxable","11":"product-type-simple"},"_links":{"self":[{"href":"https:\/\/lesna.al\/al\/wp-json\/wp\/v2\/product\/621","targetHints":{"allow":["GET"]}}],"collection":[{"href":"https:\/\/lesna.al\/al\/wp-json\/wp\/v2\/product"}],"about":[{"href":"https:\/\/lesna.al\/al\/wp-json\/wp\/v2\/types\/product"}],"replies":[{"embeddable":true,"href":"https:\/\/lesna.al\/al\/wp-json\/wp\/v2\/comments?post=621"}],"version-history":[{"count":0,"href":"https:\/\/lesna.al\/al\/wp-json\/wp\/v2\/product\/621\/revisions"}],"wp:featuredmedia":[{"embeddable":true,"href":"https:\/\/lesna.al\/al\/wp-json\/wp\/v2\/media\/698"}],"wp:attachment":[{"href":"https:\/\/lesna.al\/al\/wp-json\/wp\/v2\/media?parent=621"}],"wp:term":[{"taxonomy":"product_brand","embeddable":true,"href":"https:\/\/lesna.al\/al\/wp-json\/wp\/v2\/product_brand?post=621"},{"taxonomy":"product_cat","embeddable":true,"href":"https:\/\/lesna.al\/al\/wp-json\/wp\/v2\/product_cat?post=621"},{"taxonomy":"product_tag","embeddable":true,"href":"https:\/\/lesna.al\/al\/wp-json\/wp\/v2\/product_tag?post=621"}],"curies":[{"name":"wp","href":"https:\/\/api.w.org\/{rel}","templated":true}]}}