{"id":622,"date":"2025-12-09T17:01:12","date_gmt":"2025-12-09T17:01:12","guid":{"rendered":"https:\/\/lesna.al\/?post_type=product&#038;p=622"},"modified":"2025-12-09T22:09:19","modified_gmt":"2025-12-09T22:09:19","slug":"dere-e-blinduar","status":"publish","type":"product","link":"https:\/\/lesna.al\/al\/produkt\/dere-e-blinduar\/","title":{"rendered":"Der\u00eb e Blinduar"},"content":{"rendered":"","protected":false},"excerpt":{"rendered":"<p>Lesna Albania ju ofron Der t\u00eb Blinduara, t\u00eb prodhuara me materiale t\u00eb forta dhe t\u00eb q\u00ebndrueshme. Pajisur me mekaniz\u00ebm sigurie dhe mbyllje perimetrale, ofron mbrojtje t\u00eb lart\u00eb dhe izolim termik optimal.<\/p>\n<ul>\n<li>Profili Kas\u00eb-kundra kas\u00eb \u00c7eliku<\/li>\n<li>Ngjyra e profilit: Standard<\/li>\n<li>Fleta: Llamarin\u00eb e galvanizuar 0.8 mm,n\u00eb dy an\u00ebt<\/li>\n<li>Mbushje e flet\u00ebs: Lesh industrial<\/li>\n<li>Mekanizmi i siguris\u00eb: &gt;10 pika sigurie<\/li>\n<li>Brava: Nj\u00eb brav\u00eb,nj\u00eb cilind\u00ebr me 2+1 cel\u00ebsa,+devijator,limitator hapje<\/li>\n<li>Veshja e feltes: Standard\/Opsionale<\/li>\n<li>Disenjo: Lisho\/Opsionale<\/li>\n<li>Kiti i dorezave: Standard\/Opsionale<\/li>\n<li>Furc\u00eb automatike, syri magjik, gomin\u00eb pjes\u00ebrisht perimatrale, t\u00eb induktuara.<\/li>\n<\/ul>\n","protected":false},"featured_media":700,"comment_status":"closed","ping_status":"closed","template":"","meta":[],"product_brand":[],"product_cat":[21],"product_tag":[],"class_list":{"0":"post-622","1":"product","2":"type-product","3":"status-publish","4":"has-post-thumbnail","6":"product_cat-lesna-albania","8":"first","9":"instock","10":"shipping-taxable","11":"product-type-simple"},"_links":{"self":[{"href":"https:\/\/lesna.al\/al\/wp-json\/wp\/v2\/product\/622","targetHints":{"allow":["GET"]}}],"collection":[{"href":"https:\/\/lesna.al\/al\/wp-json\/wp\/v2\/product"}],"about":[{"href":"https:\/\/lesna.al\/al\/wp-json\/wp\/v2\/types\/product"}],"replies":[{"embeddable":true,"href":"https:\/\/lesna.al\/al\/wp-json\/wp\/v2\/comments?post=622"}],"version-history":[{"count":0,"href":"https:\/\/lesna.al\/al\/wp-json\/wp\/v2\/product\/622\/revisions"}],"wp:featuredmedia":[{"embeddable":true,"href":"https:\/\/lesna.al\/al\/wp-json\/wp\/v2\/media\/700"}],"wp:attachment":[{"href":"https:\/\/lesna.al\/al\/wp-json\/wp\/v2\/media?parent=622"}],"wp:term":[{"taxonomy":"product_brand","embeddable":true,"href":"https:\/\/lesna.al\/al\/wp-json\/wp\/v2\/product_brand?post=622"},{"taxonomy":"product_cat","embeddable":true,"href":"https:\/\/lesna.al\/al\/wp-json\/wp\/v2\/product_cat?post=622"},{"taxonomy":"product_tag","embeddable":true,"href":"https:\/\/lesna.al\/al\/wp-json\/wp\/v2\/product_tag?post=622"}],"curies":[{"name":"wp","href":"https:\/\/api.w.org\/{rel}","templated":true}]}}