{"id":625,"date":"2025-12-09T17:01:12","date_gmt":"2025-12-09T17:01:12","guid":{"rendered":"https:\/\/lesna.al\/?post_type=product&#038;p=625"},"modified":"2025-12-09T22:08:22","modified_gmt":"2025-12-09T22:08:22","slug":"dere-e-brendshme-drumdf","status":"publish","type":"product","link":"https:\/\/lesna.al\/al\/produkt\/dere-e-brendshme-drumdf\/","title":{"rendered":"Der\u00eb e Brendshme Dru+MDF"},"content":{"rendered":"","protected":false},"excerpt":{"rendered":"<p>Lesna Albania ju ofron Dyer t\u00eb Brendshme Dru+MDF, t\u00eb prodhuara nga dru i kombinuar me MDF dhe kasa druri masiv. Fleta ka struktur\u00eb druri 46 mm t\u00eb veshur me MDF 8 mm n\u00eb t\u00eb dyja an\u00ebt, me fashatura t\u00eb drejta ose 45 grad\u00eb. Pajisur me brav\u00eb magnetike ose standarde, doreza opsionale dhe mentesha t\u00eb inkasuara ose me regjist\u00ebr. Ngjyra dhe hapja jan\u00eb opsionale sipas preferenc\u00ebs.<\/p>\n<ul>\n<li>Materiali: Dru i kombinuar me MDF<\/li>\n<li>Ngjyra: Opsionale, 2 primer + 2 llak<\/li>\n<li>Dimensionet: Variable<\/li>\n<li>Kasa e der\u00ebs: Dru masiv<\/li>\n<li>Fleta: Strukture Druri 46 mm e veshur me MDF 8 mm ne dy an\u00ebt<\/li>\n<li>Fashatura: T\u00eb drejta ose 45 grad\u00eb<\/li>\n<li>Brava: Me magnet ose standard<\/li>\n<li>Doreza: opsionale<\/li>\n<li>Mentesha: te inkasuara ose me regjist\u00ebr<\/li>\n<li>Hapja: Opsionale<\/li>\n<\/ul>\n","protected":false},"featured_media":704,"comment_status":"closed","ping_status":"closed","template":"","meta":[],"product_brand":[],"product_cat":[21],"product_tag":[],"class_list":{"0":"post-625","1":"product","2":"type-product","3":"status-publish","4":"has-post-thumbnail","6":"product_cat-lesna-albania","8":"first","9":"instock","10":"shipping-taxable","11":"product-type-simple"},"_links":{"self":[{"href":"https:\/\/lesna.al\/al\/wp-json\/wp\/v2\/product\/625","targetHints":{"allow":["GET"]}}],"collection":[{"href":"https:\/\/lesna.al\/al\/wp-json\/wp\/v2\/product"}],"about":[{"href":"https:\/\/lesna.al\/al\/wp-json\/wp\/v2\/types\/product"}],"replies":[{"embeddable":true,"href":"https:\/\/lesna.al\/al\/wp-json\/wp\/v2\/comments?post=625"}],"version-history":[{"count":0,"href":"https:\/\/lesna.al\/al\/wp-json\/wp\/v2\/product\/625\/revisions"}],"wp:featuredmedia":[{"embeddable":true,"href":"https:\/\/lesna.al\/al\/wp-json\/wp\/v2\/media\/704"}],"wp:attachment":[{"href":"https:\/\/lesna.al\/al\/wp-json\/wp\/v2\/media?parent=625"}],"wp:term":[{"taxonomy":"product_brand","embeddable":true,"href":"https:\/\/lesna.al\/al\/wp-json\/wp\/v2\/product_brand?post=625"},{"taxonomy":"product_cat","embeddable":true,"href":"https:\/\/lesna.al\/al\/wp-json\/wp\/v2\/product_cat?post=625"},{"taxonomy":"product_tag","embeddable":true,"href":"https:\/\/lesna.al\/al\/wp-json\/wp\/v2\/product_tag?post=625"}],"curies":[{"name":"wp","href":"https:\/\/api.w.org\/{rel}","templated":true}]}}