{"id":626,"date":"2025-12-09T17:01:12","date_gmt":"2025-12-09T17:01:12","guid":{"rendered":"https:\/\/lesna.al\/?post_type=product&#038;p=626"},"modified":"2025-12-09T22:07:52","modified_gmt":"2025-12-09T22:07:52","slug":"dere-e-brendshme-e-rimesuar","status":"publish","type":"product","link":"https:\/\/lesna.al\/al\/produkt\/dere-e-brendshme-e-rimesuar\/","title":{"rendered":"Der\u00eb e Brendshme e Rimesuar"},"content":{"rendered":"","protected":false},"excerpt":{"rendered":"<p>Lesna Albania ju ofron Dyer t\u00eb Brendshme t\u00eb Rimesuara, t\u00eb prodhuara me materiale cil\u00ebsore dhe dizajn funksional. Zgjidhje praktike dhe estetike p\u00ebr \u00e7do ambient t\u00eb brendsh\u00ebm.<\/p>\n<ul>\n<li>Materiali: Dru i kombinuar me rimeso druri<\/li>\n<li>Ngjyra: Opsionale, 2 primer + 2 llak<\/li>\n<li>Dimensionet: Variable<\/li>\n<li>Kasa e der\u00ebs: Dru masiv<\/li>\n<li>Fleta: Strukture Druri 46 mm e veshur me rimeso 7 mm ne dy an\u00ebt<\/li>\n<li>Fashatura: T\u00eb drejta ose 45 grad\u00eb<\/li>\n<li>Brava: Me magnet ose standard<\/li>\n<li>Doreza opsionale<\/li>\n<li>Mentesha: Te inkasuara ose me regjist\u00ebr<\/li>\n<li>Hapja: Opsionale<\/li>\n<\/ul>\n","protected":false},"featured_media":707,"comment_status":"closed","ping_status":"closed","template":"","meta":[],"product_brand":[],"product_cat":[21],"product_tag":[],"class_list":{"0":"post-626","1":"product","2":"type-product","3":"status-publish","4":"has-post-thumbnail","6":"product_cat-lesna-albania","8":"first","9":"instock","10":"shipping-taxable","11":"product-type-simple"},"_links":{"self":[{"href":"https:\/\/lesna.al\/al\/wp-json\/wp\/v2\/product\/626","targetHints":{"allow":["GET"]}}],"collection":[{"href":"https:\/\/lesna.al\/al\/wp-json\/wp\/v2\/product"}],"about":[{"href":"https:\/\/lesna.al\/al\/wp-json\/wp\/v2\/types\/product"}],"replies":[{"embeddable":true,"href":"https:\/\/lesna.al\/al\/wp-json\/wp\/v2\/comments?post=626"}],"version-history":[{"count":0,"href":"https:\/\/lesna.al\/al\/wp-json\/wp\/v2\/product\/626\/revisions"}],"wp:featuredmedia":[{"embeddable":true,"href":"https:\/\/lesna.al\/al\/wp-json\/wp\/v2\/media\/707"}],"wp:attachment":[{"href":"https:\/\/lesna.al\/al\/wp-json\/wp\/v2\/media?parent=626"}],"wp:term":[{"taxonomy":"product_brand","embeddable":true,"href":"https:\/\/lesna.al\/al\/wp-json\/wp\/v2\/product_brand?post=626"},{"taxonomy":"product_cat","embeddable":true,"href":"https:\/\/lesna.al\/al\/wp-json\/wp\/v2\/product_cat?post=626"},{"taxonomy":"product_tag","embeddable":true,"href":"https:\/\/lesna.al\/al\/wp-json\/wp\/v2\/product_tag?post=626"}],"curies":[{"name":"wp","href":"https:\/\/api.w.org\/{rel}","templated":true}]}}