{"id":627,"date":"2025-12-09T17:01:12","date_gmt":"2025-12-09T17:01:12","guid":{"rendered":"https:\/\/lesna.al\/?post_type=product&#038;p=627"},"modified":"2025-12-09T22:07:17","modified_gmt":"2025-12-09T22:07:17","slug":"dere-e-brendshme-filomuro","status":"publish","type":"product","link":"https:\/\/lesna.al\/al\/produkt\/dere-e-brendshme-filomuro\/","title":{"rendered":"Der\u00eb e Brendshme Filomuro"},"content":{"rendered":"","protected":false},"excerpt":{"rendered":"<p>Lesna Albania ju ofron Der\u00eb t\u00eb Brendshme Filomuro, me dizajn t\u00eb past\u00ebr dhe t\u00eb integruar n\u00eb muret e ambientit. Materiale cil\u00ebsore dhe p\u00ebrfundim i q\u00ebndruesh\u00ebm p\u00ebr nj\u00eb pamje moderne dhe uniforme.<\/p>\n<ul>\n<li>Materiali: Dru i kombinuar me MDF\/ me rimeso<\/li>\n<li>Ngjyra: Opsionale, 2 primer + 2 llak<\/li>\n<li>Dimensionet: Variable<\/li>\n<li>Kasa e deres: Alumin<\/li>\n<li>Fleta: Strukture Druri 46 mm e veshur me rimeso 7 mm ne dy anet<\/li>\n<li>Brava: Me magnet ose standard<\/li>\n<li>Doreza opsionale<\/li>\n<li>Mentesha: Te inkasuara<\/li>\n<li>Hapja: Opsionale<\/li>\n<\/ul>\n","protected":false},"featured_media":709,"comment_status":"closed","ping_status":"closed","template":"","meta":[],"product_brand":[],"product_cat":[21],"product_tag":[],"class_list":{"0":"post-627","1":"product","2":"type-product","3":"status-publish","4":"has-post-thumbnail","6":"product_cat-lesna-albania","8":"first","9":"instock","10":"shipping-taxable","11":"product-type-simple"},"_links":{"self":[{"href":"https:\/\/lesna.al\/al\/wp-json\/wp\/v2\/product\/627","targetHints":{"allow":["GET"]}}],"collection":[{"href":"https:\/\/lesna.al\/al\/wp-json\/wp\/v2\/product"}],"about":[{"href":"https:\/\/lesna.al\/al\/wp-json\/wp\/v2\/types\/product"}],"replies":[{"embeddable":true,"href":"https:\/\/lesna.al\/al\/wp-json\/wp\/v2\/comments?post=627"}],"version-history":[{"count":0,"href":"https:\/\/lesna.al\/al\/wp-json\/wp\/v2\/product\/627\/revisions"}],"wp:featuredmedia":[{"embeddable":true,"href":"https:\/\/lesna.al\/al\/wp-json\/wp\/v2\/media\/709"}],"wp:attachment":[{"href":"https:\/\/lesna.al\/al\/wp-json\/wp\/v2\/media?parent=627"}],"wp:term":[{"taxonomy":"product_brand","embeddable":true,"href":"https:\/\/lesna.al\/al\/wp-json\/wp\/v2\/product_brand?post=627"},{"taxonomy":"product_cat","embeddable":true,"href":"https:\/\/lesna.al\/al\/wp-json\/wp\/v2\/product_cat?post=627"},{"taxonomy":"product_tag","embeddable":true,"href":"https:\/\/lesna.al\/al\/wp-json\/wp\/v2\/product_tag?post=627"}],"curies":[{"name":"wp","href":"https:\/\/api.w.org\/{rel}","templated":true}]}}