{"id":628,"date":"2025-12-09T17:01:12","date_gmt":"2025-12-09T17:01:12","guid":{"rendered":"https:\/\/lesna.al\/?post_type=product&#038;p=628"},"modified":"2025-12-09T22:07:03","modified_gmt":"2025-12-09T22:07:03","slug":"dere-e-brendshme-druri-masiv","status":"publish","type":"product","link":"https:\/\/lesna.al\/al\/produkt\/dere-e-brendshme-druri-masiv\/","title":{"rendered":"Der\u00eb e Brendshme Dru Masiv"},"content":{"rendered":"","protected":false},"excerpt":{"rendered":"<p>Lesna Albania ju ofron Der\u00eb t\u00eb Brendshme Dru Masiv, t\u00eb prodhuar me materiale natyrale dhe t\u00eb q\u00ebndrueshme. Dizajn funksional dhe elegant, i p\u00ebrshtatsh\u00ebm p\u00ebr \u00e7do ambient t\u00eb brendsh\u00ebm.<\/p>\n<ul>\n<li>Materiali: Dru masiv<\/li>\n<li>Ngjyra: Opsionale, 2 primer + 2 llak<\/li>\n<li>Dimensionet: Variable<\/li>\n<li>Kasa e der\u00ebs: Dru masiv<\/li>\n<li>Fleta: Dru masiv<\/li>\n<li>Brava: Me magnet ose standard<\/li>\n<li>Doreza opsionale<\/li>\n<li>Mentesha: Te inkasuara<\/li>\n<li>Hapja: Opsionale<\/li>\n<\/ul>\n","protected":false},"featured_media":710,"comment_status":"closed","ping_status":"closed","template":"","meta":[],"product_brand":[],"product_cat":[21],"product_tag":[],"class_list":{"0":"post-628","1":"product","2":"type-product","3":"status-publish","4":"has-post-thumbnail","6":"product_cat-lesna-albania","8":"first","9":"instock","10":"shipping-taxable","11":"product-type-simple"},"_links":{"self":[{"href":"https:\/\/lesna.al\/al\/wp-json\/wp\/v2\/product\/628","targetHints":{"allow":["GET"]}}],"collection":[{"href":"https:\/\/lesna.al\/al\/wp-json\/wp\/v2\/product"}],"about":[{"href":"https:\/\/lesna.al\/al\/wp-json\/wp\/v2\/types\/product"}],"replies":[{"embeddable":true,"href":"https:\/\/lesna.al\/al\/wp-json\/wp\/v2\/comments?post=628"}],"version-history":[{"count":0,"href":"https:\/\/lesna.al\/al\/wp-json\/wp\/v2\/product\/628\/revisions"}],"wp:featuredmedia":[{"embeddable":true,"href":"https:\/\/lesna.al\/al\/wp-json\/wp\/v2\/media\/710"}],"wp:attachment":[{"href":"https:\/\/lesna.al\/al\/wp-json\/wp\/v2\/media?parent=628"}],"wp:term":[{"taxonomy":"product_brand","embeddable":true,"href":"https:\/\/lesna.al\/al\/wp-json\/wp\/v2\/product_brand?post=628"},{"taxonomy":"product_cat","embeddable":true,"href":"https:\/\/lesna.al\/al\/wp-json\/wp\/v2\/product_cat?post=628"},{"taxonomy":"product_tag","embeddable":true,"href":"https:\/\/lesna.al\/al\/wp-json\/wp\/v2\/product_tag?post=628"}],"curies":[{"name":"wp","href":"https:\/\/api.w.org\/{rel}","templated":true}]}}