{"id":638,"date":"2025-12-09T17:01:15","date_gmt":"2025-12-09T17:01:15","guid":{"rendered":"https:\/\/lesna.al\/?post_type=product&#038;p=638"},"modified":"2025-12-09T21:44:14","modified_gmt":"2025-12-09T21:44:14","slug":"grila-druri-persiane","status":"publish","type":"product","link":"https:\/\/lesna.al\/al\/produkt\/grila-druri-persiane\/","title":{"rendered":"Grila Druri Persiane"},"content":{"rendered":"","protected":false},"excerpt":{"rendered":"<p>Lesna Albania ju ofron Grila Druri Persiane, t\u00eb prodhuara me materiale natyrale dhe t\u00eb q\u00ebndrueshme. Dizajn praktik dhe estetik p\u00ebr mbrojtje dhe kontroll t\u00eb drit\u00ebs n\u00eb \u00e7do ambient.<\/p>\n<ul>\n<li>Seria: GRILA PISHE \u00a0SUEDEZE<\/li>\n<li>Ngjyra: Opsionale me baz\u00eb uji.<\/li>\n<li>Gjer\u00ebsia e profilit : 45 mm<\/li>\n<li>Gril\u00eb me 1 \u00a0ose 2 kanat\u00eb\/a: 1 dorez\u00eb standard<\/li>\n<li>No. i hapjeve: 1 ose 2 hapje standard<\/li>\n<li>Lamela: Statike<\/li>\n<\/ul>\n","protected":false},"featured_media":691,"comment_status":"closed","ping_status":"closed","template":"","meta":[],"product_brand":[],"product_cat":[21],"product_tag":[],"class_list":{"0":"post-638","1":"product","2":"type-product","3":"status-publish","4":"has-post-thumbnail","6":"product_cat-lesna-albania","8":"first","9":"instock","10":"shipping-taxable","11":"product-type-simple"},"_links":{"self":[{"href":"https:\/\/lesna.al\/al\/wp-json\/wp\/v2\/product\/638","targetHints":{"allow":["GET"]}}],"collection":[{"href":"https:\/\/lesna.al\/al\/wp-json\/wp\/v2\/product"}],"about":[{"href":"https:\/\/lesna.al\/al\/wp-json\/wp\/v2\/types\/product"}],"replies":[{"embeddable":true,"href":"https:\/\/lesna.al\/al\/wp-json\/wp\/v2\/comments?post=638"}],"version-history":[{"count":0,"href":"https:\/\/lesna.al\/al\/wp-json\/wp\/v2\/product\/638\/revisions"}],"wp:featuredmedia":[{"embeddable":true,"href":"https:\/\/lesna.al\/al\/wp-json\/wp\/v2\/media\/691"}],"wp:attachment":[{"href":"https:\/\/lesna.al\/al\/wp-json\/wp\/v2\/media?parent=638"}],"wp:term":[{"taxonomy":"product_brand","embeddable":true,"href":"https:\/\/lesna.al\/al\/wp-json\/wp\/v2\/product_brand?post=638"},{"taxonomy":"product_cat","embeddable":true,"href":"https:\/\/lesna.al\/al\/wp-json\/wp\/v2\/product_cat?post=638"},{"taxonomy":"product_tag","embeddable":true,"href":"https:\/\/lesna.al\/al\/wp-json\/wp\/v2\/product_tag?post=638"}],"curies":[{"name":"wp","href":"https:\/\/api.w.org\/{rel}","templated":true}]}}