{"id":639,"date":"2025-12-09T17:01:15","date_gmt":"2025-12-09T17:01:15","guid":{"rendered":"https:\/\/lesna.al\/?post_type=product&#038;p=639"},"modified":"2025-12-09T22:12:43","modified_gmt":"2025-12-09T22:12:43","slug":"rrjeta-insektash","status":"publish","type":"product","link":"https:\/\/lesna.al\/al\/produkt\/rrjeta-insektash\/","title":{"rendered":"Rrjeta Insektesh"},"content":{"rendered":"","protected":false},"excerpt":{"rendered":"<p>Lesna Albania ju ofron Rrjeta Insektesh, t\u00eb prodhuara me materiale cil\u00ebsore dhe t\u00eb q\u00ebndrueshme. Zgjidhje praktike p\u00ebr mbrojtje nga insektet dhe ajrim t\u00eb sigurt t\u00eb ambienteve.<\/p>\n<ul>\n<li>Modeli: Rolo, slide dhe kanate<\/li>\n<li>No. i hapjeve: Opsionale me zinxhir ose me elektromotorr.<\/li>\n<li>Ngjyra: Opsionale<\/li>\n<\/ul>\n","protected":false},"featured_media":692,"comment_status":"closed","ping_status":"closed","template":"","meta":[],"product_brand":[],"product_cat":[21],"product_tag":[],"class_list":{"0":"post-639","1":"product","2":"type-product","3":"status-publish","4":"has-post-thumbnail","6":"product_cat-lesna-albania","8":"first","9":"instock","10":"shipping-taxable","11":"product-type-simple"},"_links":{"self":[{"href":"https:\/\/lesna.al\/al\/wp-json\/wp\/v2\/product\/639","targetHints":{"allow":["GET"]}}],"collection":[{"href":"https:\/\/lesna.al\/al\/wp-json\/wp\/v2\/product"}],"about":[{"href":"https:\/\/lesna.al\/al\/wp-json\/wp\/v2\/types\/product"}],"replies":[{"embeddable":true,"href":"https:\/\/lesna.al\/al\/wp-json\/wp\/v2\/comments?post=639"}],"version-history":[{"count":0,"href":"https:\/\/lesna.al\/al\/wp-json\/wp\/v2\/product\/639\/revisions"}],"wp:featuredmedia":[{"embeddable":true,"href":"https:\/\/lesna.al\/al\/wp-json\/wp\/v2\/media\/692"}],"wp:attachment":[{"href":"https:\/\/lesna.al\/al\/wp-json\/wp\/v2\/media?parent=639"}],"wp:term":[{"taxonomy":"product_brand","embeddable":true,"href":"https:\/\/lesna.al\/al\/wp-json\/wp\/v2\/product_brand?post=639"},{"taxonomy":"product_cat","embeddable":true,"href":"https:\/\/lesna.al\/al\/wp-json\/wp\/v2\/product_cat?post=639"},{"taxonomy":"product_tag","embeddable":true,"href":"https:\/\/lesna.al\/al\/wp-json\/wp\/v2\/product_tag?post=639"}],"curies":[{"name":"wp","href":"https:\/\/api.w.org\/{rel}","templated":true}]}}