{"id":645,"date":"2025-12-09T17:01:16","date_gmt":"2025-12-09T17:01:16","guid":{"rendered":"https:\/\/lesna.al\/?post_type=product&#038;p=645"},"modified":"2025-12-09T21:52:39","modified_gmt":"2025-12-09T21:52:39","slug":"gazebo-druri","status":"publish","type":"product","link":"https:\/\/lesna.al\/al\/produkt\/gazebo-druri\/","title":{"rendered":"Gazebo Druri"},"content":{"rendered":"","protected":false},"excerpt":{"rendered":"<p>Lesna Albania ju ofron Gazebo Druri, t\u00eb prodhuar me material cil\u00ebsore dhe t\u00eb q\u00ebndruesh\u00ebm. Dizajn praktik dhe i bukur, q\u00eb krijon hap\u00ebsira t\u00eb rehatshme p\u00ebr relaks dhe aktivitet n\u00eb ambient t\u00eb jasht\u00ebm.<\/p>\n","protected":false},"featured_media":661,"comment_status":"closed","ping_status":"closed","template":"","meta":[],"product_brand":[],"product_cat":[21],"product_tag":[],"class_list":{"0":"post-645","1":"product","2":"type-product","3":"status-publish","4":"has-post-thumbnail","6":"product_cat-lesna-albania","8":"first","9":"instock","10":"shipping-taxable","11":"product-type-simple"},"_links":{"self":[{"href":"https:\/\/lesna.al\/al\/wp-json\/wp\/v2\/product\/645","targetHints":{"allow":["GET"]}}],"collection":[{"href":"https:\/\/lesna.al\/al\/wp-json\/wp\/v2\/product"}],"about":[{"href":"https:\/\/lesna.al\/al\/wp-json\/wp\/v2\/types\/product"}],"replies":[{"embeddable":true,"href":"https:\/\/lesna.al\/al\/wp-json\/wp\/v2\/comments?post=645"}],"version-history":[{"count":0,"href":"https:\/\/lesna.al\/al\/wp-json\/wp\/v2\/product\/645\/revisions"}],"wp:featuredmedia":[{"embeddable":true,"href":"https:\/\/lesna.al\/al\/wp-json\/wp\/v2\/media\/661"}],"wp:attachment":[{"href":"https:\/\/lesna.al\/al\/wp-json\/wp\/v2\/media?parent=645"}],"wp:term":[{"taxonomy":"product_brand","embeddable":true,"href":"https:\/\/lesna.al\/al\/wp-json\/wp\/v2\/product_brand?post=645"},{"taxonomy":"product_cat","embeddable":true,"href":"https:\/\/lesna.al\/al\/wp-json\/wp\/v2\/product_cat?post=645"},{"taxonomy":"product_tag","embeddable":true,"href":"https:\/\/lesna.al\/al\/wp-json\/wp\/v2\/product_tag?post=645"}],"curies":[{"name":"wp","href":"https:\/\/api.w.org\/{rel}","templated":true}]}}