{"id":646,"date":"2025-12-09T17:01:16","date_gmt":"2025-12-09T17:01:16","guid":{"rendered":"https:\/\/lesna.al\/?post_type=product&#038;p=646"},"modified":"2025-12-09T21:52:16","modified_gmt":"2025-12-09T21:52:16","slug":"tenda-druri","status":"publish","type":"product","link":"https:\/\/lesna.al\/al\/produkt\/tenda-druri\/","title":{"rendered":"Tenda Druri"},"content":{"rendered":"","protected":false},"excerpt":{"rendered":"<p>Lesna Albania ju ofron Tenda Druri, t\u00eb prodhuara me material cil\u00ebsor dhe t\u00eb q\u00ebndrueshme. Dizajn funksional dhe elegant, q\u00eb ofron mbrojtje dhe rehati p\u00ebr ambientet e jashtme.<\/p>\n","protected":false},"featured_media":664,"comment_status":"closed","ping_status":"closed","template":"","meta":[],"product_brand":[],"product_cat":[21],"product_tag":[],"class_list":{"0":"post-646","1":"product","2":"type-product","3":"status-publish","4":"has-post-thumbnail","6":"product_cat-lesna-albania","8":"first","9":"instock","10":"shipping-taxable","11":"product-type-simple"},"_links":{"self":[{"href":"https:\/\/lesna.al\/al\/wp-json\/wp\/v2\/product\/646","targetHints":{"allow":["GET"]}}],"collection":[{"href":"https:\/\/lesna.al\/al\/wp-json\/wp\/v2\/product"}],"about":[{"href":"https:\/\/lesna.al\/al\/wp-json\/wp\/v2\/types\/product"}],"replies":[{"embeddable":true,"href":"https:\/\/lesna.al\/al\/wp-json\/wp\/v2\/comments?post=646"}],"version-history":[{"count":0,"href":"https:\/\/lesna.al\/al\/wp-json\/wp\/v2\/product\/646\/revisions"}],"wp:featuredmedia":[{"embeddable":true,"href":"https:\/\/lesna.al\/al\/wp-json\/wp\/v2\/media\/664"}],"wp:attachment":[{"href":"https:\/\/lesna.al\/al\/wp-json\/wp\/v2\/media?parent=646"}],"wp:term":[{"taxonomy":"product_brand","embeddable":true,"href":"https:\/\/lesna.al\/al\/wp-json\/wp\/v2\/product_brand?post=646"},{"taxonomy":"product_cat","embeddable":true,"href":"https:\/\/lesna.al\/al\/wp-json\/wp\/v2\/product_cat?post=646"},{"taxonomy":"product_tag","embeddable":true,"href":"https:\/\/lesna.al\/al\/wp-json\/wp\/v2\/product_tag?post=646"}],"curies":[{"name":"wp","href":"https:\/\/api.w.org\/{rel}","templated":true}]}}