{"id":650,"date":"2025-12-09T17:01:16","date_gmt":"2025-12-09T17:01:16","guid":{"rendered":"https:\/\/lesna.al\/?post_type=product&#038;p=650"},"modified":"2025-12-09T21:50:46","modified_gmt":"2025-12-09T21:50:46","slug":"kuzhine-moderne","status":"publish","type":"product","link":"https:\/\/lesna.al\/al\/produkt\/kuzhine-moderne\/","title":{"rendered":"Kuzhin\u00eb Moderne"},"content":{"rendered":"","protected":false},"excerpt":{"rendered":"<p>Lesna Albania ju ofron Kuzhina Moderne, t\u00eb realizuara me materiale cil\u00ebsore dhe funksionalitet t\u00eb lart\u00eb. Dizajn i past\u00ebr dhe praktik q\u00eb i p\u00ebrshtatet \u00e7do ambienti bashk\u00ebkohor.<\/p>\n","protected":false},"featured_media":669,"comment_status":"closed","ping_status":"closed","template":"","meta":[],"product_brand":[],"product_cat":[21],"product_tag":[],"class_list":{"0":"post-650","1":"product","2":"type-product","3":"status-publish","4":"has-post-thumbnail","6":"product_cat-lesna-albania","8":"first","9":"instock","10":"shipping-taxable","11":"product-type-simple"},"_links":{"self":[{"href":"https:\/\/lesna.al\/al\/wp-json\/wp\/v2\/product\/650","targetHints":{"allow":["GET"]}}],"collection":[{"href":"https:\/\/lesna.al\/al\/wp-json\/wp\/v2\/product"}],"about":[{"href":"https:\/\/lesna.al\/al\/wp-json\/wp\/v2\/types\/product"}],"replies":[{"embeddable":true,"href":"https:\/\/lesna.al\/al\/wp-json\/wp\/v2\/comments?post=650"}],"version-history":[{"count":0,"href":"https:\/\/lesna.al\/al\/wp-json\/wp\/v2\/product\/650\/revisions"}],"wp:featuredmedia":[{"embeddable":true,"href":"https:\/\/lesna.al\/al\/wp-json\/wp\/v2\/media\/669"}],"wp:attachment":[{"href":"https:\/\/lesna.al\/al\/wp-json\/wp\/v2\/media?parent=650"}],"wp:term":[{"taxonomy":"product_brand","embeddable":true,"href":"https:\/\/lesna.al\/al\/wp-json\/wp\/v2\/product_brand?post=650"},{"taxonomy":"product_cat","embeddable":true,"href":"https:\/\/lesna.al\/al\/wp-json\/wp\/v2\/product_cat?post=650"},{"taxonomy":"product_tag","embeddable":true,"href":"https:\/\/lesna.al\/al\/wp-json\/wp\/v2\/product_tag?post=650"}],"curies":[{"name":"wp","href":"https:\/\/api.w.org\/{rel}","templated":true}]}}