{"id":610,"date":"2025-12-09T17:01:11","date_gmt":"2025-12-09T17:01:11","guid":{"rendered":"https:\/\/lesna.al\/?post_type=product&#038;p=610"},"modified":"2025-12-09T22:22:08","modified_gmt":"2025-12-09T22:22:08","slug":"solar-92-mm","status":"publish","type":"product","link":"https:\/\/lesna.al\/en\/product\/solar-92-mm\/","title":{"rendered":"SOLAR 92 mm"},"content":{"rendered":"<p>Profil Druri SOLAR 92 mm<\/p>\n<ul>\n<li>Material: Laminated Fir Wood composed of three lamellae glued with fibers in opposite directions, ensuring linear stability.<\/li>\n<li>Profili i drurit 92 mm<\/li>\n<li>Soft-Line System<\/li>\n<li>Optional Design<\/li>\n<li>Easy to Maintain<\/li>\n<li>Tilt-and-turn mechanism<\/li>\n<li>Xhami \u00ebsht\u00eb i kualitetit t\u00eb lart\u00eb 4*14*4*14*4 Low E me mbushje argon(dopjo xham)<\/li>\n<li>Protection (Double Glazing)<\/li>\n<li>Water-Based Variable Colors<\/li>\n<\/ul>","protected":false},"excerpt":{"rendered":"<p>Profil Druri SOLAR 92 mm Materiali: Dru Bredhi lamelar i p\u00ebrb\u00ebr\u00eb nga tri lamela t\u00eb ngjitura me fibren n\u00eb drejtime t\u00eb kund\u00ebrta q\u00eb siguron q\u00ebndrueshm\u00ebrin\u00eb lineare Profili i drurit 92 mm Sistem me vija t\u00eb buta Dizenjo Opsionale I leht\u00eb p\u00ebr mir\u00ebmbajtje Mekanizmi me dy hapje Xhami \u00ebsht\u00eb i kualitetit t\u00eb lart\u00eb 4*14*4*14*4 Low E [&hellip;]<\/p>\n","protected":false},"featured_media":722,"comment_status":"closed","ping_status":"closed","template":"","meta":[],"product_brand":[],"product_cat":[21],"product_tag":[],"class_list":{"0":"post-610","1":"product","2":"type-product","3":"status-publish","4":"has-post-thumbnail","6":"product_cat-lesna-albania","8":"first","9":"instock","10":"shipping-taxable","11":"product-type-simple"},"_links":{"self":[{"href":"https:\/\/lesna.al\/en\/wp-json\/wp\/v2\/product\/610","targetHints":{"allow":["GET"]}}],"collection":[{"href":"https:\/\/lesna.al\/en\/wp-json\/wp\/v2\/product"}],"about":[{"href":"https:\/\/lesna.al\/en\/wp-json\/wp\/v2\/types\/product"}],"replies":[{"embeddable":true,"href":"https:\/\/lesna.al\/en\/wp-json\/wp\/v2\/comments?post=610"}],"version-history":[{"count":0,"href":"https:\/\/lesna.al\/en\/wp-json\/wp\/v2\/product\/610\/revisions"}],"wp:featuredmedia":[{"embeddable":true,"href":"https:\/\/lesna.al\/en\/wp-json\/wp\/v2\/media\/722"}],"wp:attachment":[{"href":"https:\/\/lesna.al\/en\/wp-json\/wp\/v2\/media?parent=610"}],"wp:term":[{"taxonomy":"product_brand","embeddable":true,"href":"https:\/\/lesna.al\/en\/wp-json\/wp\/v2\/product_brand?post=610"},{"taxonomy":"product_cat","embeddable":true,"href":"https:\/\/lesna.al\/en\/wp-json\/wp\/v2\/product_cat?post=610"},{"taxonomy":"product_tag","embeddable":true,"href":"https:\/\/lesna.al\/en\/wp-json\/wp\/v2\/product_tag?post=610"}],"curies":[{"name":"wp","href":"https:\/\/api.w.org\/{rel}","templated":true}]}}